{"id":498,"date":"2024-02-15T19:10:13","date_gmt":"2024-02-15T19:10:13","guid":{"rendered":"https:\/\/www.mouette7.com\/blog\/"},"modified":"2024-02-15T19:21:20","modified_gmt":"2024-02-15T19:21:20","slug":"blog","status":"publish","type":"page","link":"https:\/\/www.mouette7.com\/es\/blog\/","title":{"rendered":"Blog"},"content":{"rendered":"<section class=\"l-section wpb_row height_medium\"><div class=\"l-section-h i-cf\"><div class=\"g-cols vc_row type_default valign_top\"><div class=\"vc_col-sm-12 wpb_column vc_column_container\"><div class=\"vc_column-inner\"><div class=\"wpb_wrapper\"><div class=\"w-grid type_grid layout_blog_cards cols_3 overflow_hidden\" id=\"us_grid_1\" data-filterable=\"true\"><style id=\"us_grid_1_css\">#us_grid_1 .w-grid-item{padding:1.5rem}#us_grid_1 .w-grid-list{margin:-1.5rem}.w-grid + #us_grid_1 .w-grid-list{margin-top:1.5rem}@media (max-width:899px){#us_grid_1 .w-grid-item{width:50.0000%}}@media (max-width:599px){#us_grid_1 .w-grid-list{margin:0}#us_grid_1 .w-grid-item{width:100.0000%;padding:0;margin-bottom:1.5rem}}<\/style><style>.layout_blog_cards .w-grid-item-h{background:#fff;color:#333;border-radius:0.3rem;z-index:3;box-shadow:0 0.03rem 0.06rem rgba(0,0,0,0.1),0 0.10rem 0.30rem rgba(0,0,0,0.1);transition-duration:0.3s}.no-touch .layout_blog_cards .w-grid-item-h:hover{box-shadow:0 0.10rem 0.20rem rgba(0,0,0,0.1),0 0.33rem 1.00rem rgba(0,0,0,0.15);z-index:4}.layout_blog_cards .usg_post_title_1{font-size:1.4rem!important;font-weight:700!important}.layout_blog_cards .usg_vwrapper_1{padding:9% 11% 11% 11%!important}.layout_blog_cards .usg_post_taxonomy_1{font-weight:700!important;text-transform:uppercase!important;font-size:10px!important;position:absolute!important;top:1.2rem!important;right:1.2rem!important;left:1.2rem!important}.layout_blog_cards .usg_hwrapper_1{color:#999!important;font-size:0.9rem!important}@media (max-width:599px){.layout_blog_cards .usg_post_title_1{font-size:1.2rem!important}}<\/style><div class=\"w-grid-list\" >\t<article class=\"w-grid-item size_1x1 post-538 post type-post status-publish format-standard has-post-thumbnail hentry category-sin-categorizar\" data-id=\"538\">\r\n\t\t<div class=\"w-grid-item-h\">\r\n\t\t\t\t\t\t<div class=\"w-post-elm post_image usg_post_image_1 stretched\"><a href=\"https:\/\/www.mouette7.com\/es\/el-papel-esencial-de-los-servicios-de-externalizacion-de-ceo-en-tu-empresa-por-que-importa-mas-de-lo-que-piensas\/\" aria-label=\"El Papel Esencial de los Servicios de Externalizaci\u00f3n de CEO en tu Empresa: Por Qu\u00e9 Importa M\u00e1s de lo que Piensas\"><img decoding=\"async\" width=\"1024\" height=\"624\" src=\"https:\/\/www.mouette7.com\/wp-content\/uploads\/2024\/08\/484089-1024x624.jpg\" class=\"attachment-large size-large wp-post-image\" alt=\"\" srcset=\"https:\/\/www.mouette7.com\/wp-content\/uploads\/2024\/08\/484089-1024x624.jpg 1024w, https:\/\/www.mouette7.com\/wp-content\/uploads\/2024\/08\/484089-300x183.jpg 300w, https:\/\/www.mouette7.com\/wp-content\/uploads\/2024\/08\/484089.jpg 1500w\" sizes=\"(max-width: 1024px) 100vw, 1024px\" \/><\/a><\/div><div class=\"w-post-elm post_taxonomy usg_post_taxonomy_1 style_badge color_link_inherit\"><a class=\"w-btn us-btn-style_badge\" href=\"https:\/\/www.mouette7.com\/es\/category\/sin-categorizar\/\"><span class=\"w-btn-label\">Sin categorizar<\/span><\/a><\/div><div class=\"w-vwrapper usg_vwrapper_1 align_left valign_top\"><h2 class=\"w-post-elm post_title usg_post_title_1 entry-title color_link_inherit\"><a href=\"https:\/\/www.mouette7.com\/es\/el-papel-esencial-de-los-servicios-de-externalizacion-de-ceo-en-tu-empresa-por-que-importa-mas-de-lo-que-piensas\/\">El Papel Esencial de los Servicios de Externalizaci\u00f3n de CEO en tu Empresa: Por Qu\u00e9 Importa M\u00e1s de lo que Piensas<\/a><\/h2><div class=\"w-hwrapper usg_hwrapper_1 align_left valign_top wrap\"><time class=\"w-post-elm post_date usg_post_date_1 entry-date published\" datetime=\"2024-08-12T21:39:11+00:00\" title=\"12 agosto 2024 a las 21:39:11 +00:00\">12 Ago 2024<\/time><\/div><div class=\"w-post-elm post_content usg_post_content_1\">Introducci\u00f3n: La Importancia de la Optimizaci\u00f3n Regular y la Limpieza de Datos en las Campa\u00f1as de Google Ads y Meta&hellip;<\/div><\/div>\t\t<\/div>\r\n\t<\/article>\r\n\t<article class=\"w-grid-item size_1x1 post-522 post type-post status-publish format-standard has-post-thumbnail hentry category-sin-categorizar\" data-id=\"522\">\r\n\t\t<div class=\"w-grid-item-h\">\r\n\t\t\t\t\t\t<div class=\"w-post-elm post_image usg_post_image_1 stretched\"><a href=\"https:\/\/www.mouette7.com\/es\/the-essential-role-of-ceo-outsourcing-services-in-your-company-why-it-matters-more-than-you-think\/\" aria-label=\"El Papel Esencial de los Servicios de Externalizaci\u00f3n de CEO en tu Empresa: Por Qu\u00e9 Importa M\u00e1s de lo que Piensas\"><img decoding=\"async\" width=\"1024\" height=\"683\" src=\"https:\/\/www.mouette7.com\/wp-content\/uploads\/2024\/02\/vista-superior-companeros-trabajo-planeando-estrategia-1024x683.jpg\" class=\"attachment-large size-large wp-post-image\" alt=\"\" srcset=\"https:\/\/www.mouette7.com\/wp-content\/uploads\/2024\/02\/vista-superior-companeros-trabajo-planeando-estrategia-1024x683.jpg 1024w, https:\/\/www.mouette7.com\/wp-content\/uploads\/2024\/02\/vista-superior-companeros-trabajo-planeando-estrategia-300x200.jpg 300w, https:\/\/www.mouette7.com\/wp-content\/uploads\/2024\/02\/vista-superior-companeros-trabajo-planeando-estrategia.jpg 1500w\" sizes=\"(max-width: 1024px) 100vw, 1024px\" \/><\/a><\/div><div class=\"w-post-elm post_taxonomy usg_post_taxonomy_1 style_badge color_link_inherit\"><a class=\"w-btn us-btn-style_badge\" href=\"https:\/\/www.mouette7.com\/es\/category\/sin-categorizar\/\"><span class=\"w-btn-label\">Sin categorizar<\/span><\/a><\/div><div class=\"w-vwrapper usg_vwrapper_1 align_left valign_top\"><h2 class=\"w-post-elm post_title usg_post_title_1 entry-title color_link_inherit\"><a href=\"https:\/\/www.mouette7.com\/es\/the-essential-role-of-ceo-outsourcing-services-in-your-company-why-it-matters-more-than-you-think\/\">El Papel Esencial de los Servicios de Externalizaci\u00f3n de CEO en tu Empresa: Por Qu\u00e9 Importa M\u00e1s de lo que Piensas<\/a><\/h2><div class=\"w-hwrapper usg_hwrapper_1 align_left valign_top wrap\"><time class=\"w-post-elm post_date usg_post_date_1 entry-date published\" datetime=\"2024-02-20T21:32:26+00:00\" title=\"20 febrero 2024 a las 21:32:26 +00:00\">20 Feb 2024<\/time><\/div><div class=\"w-post-elm post_content usg_post_content_1\">Introducci\u00f3n: En el mundo acelerado de los negocios, mantenerse competitivo y \u00e1gil es crucial para la supervivencia y el crecimiento.&hellip;<\/div><\/div>\t\t<\/div>\r\n\t<\/article>\r\n\t<article class=\"w-grid-item size_1x1 post-499 post type-post status-publish format-standard has-post-thumbnail hentry category-sin-categorizar\" data-id=\"499\">\r\n\t\t<div class=\"w-grid-item-h\">\r\n\t\t\t\t\t\t<div class=\"w-post-elm post_image usg_post_image_1 stretched\"><a href=\"https:\/\/www.mouette7.com\/es\/unlocking-success-the-importance-of-controlling-your-kpis-in-small-companies\/\" aria-label=\"Desbloqueando el \u00c9xito: La Importancia de Controlar tus KPIs en Peque\u00f1as Empresas\"><img decoding=\"async\" width=\"955\" height=\"1024\" src=\"https:\/\/www.mouette7.com\/wp-content\/uploads\/2024\/02\/picture-post-1-955x1024.jpg\" class=\"attachment-large size-large wp-post-image\" alt=\"\" srcset=\"https:\/\/www.mouette7.com\/wp-content\/uploads\/2024\/02\/picture-post-1-955x1024.jpg 955w, https:\/\/www.mouette7.com\/wp-content\/uploads\/2024\/02\/picture-post-1-280x300.jpg 280w, https:\/\/www.mouette7.com\/wp-content\/uploads\/2024\/02\/picture-post-1.jpg 1000w\" sizes=\"(max-width: 955px) 100vw, 955px\" \/><\/a><\/div><div class=\"w-post-elm post_taxonomy usg_post_taxonomy_1 style_badge color_link_inherit\"><a class=\"w-btn us-btn-style_badge\" href=\"https:\/\/www.mouette7.com\/es\/category\/sin-categorizar\/\"><span class=\"w-btn-label\">Sin categorizar<\/span><\/a><\/div><div class=\"w-vwrapper usg_vwrapper_1 align_left valign_top\"><h2 class=\"w-post-elm post_title usg_post_title_1 entry-title color_link_inherit\"><a href=\"https:\/\/www.mouette7.com\/es\/unlocking-success-the-importance-of-controlling-your-kpis-in-small-companies\/\">Desbloqueando el \u00c9xito: La Importancia de Controlar tus KPIs en Peque\u00f1as Empresas<\/a><\/h2><div class=\"w-hwrapper usg_hwrapper_1 align_left valign_top wrap\"><time class=\"w-post-elm post_date usg_post_date_1 entry-date published\" datetime=\"2024-02-15T19:05:13+00:00\" title=\"15 febrero 2024 a las 19:05:13 +00:00\">15 Feb 2024<\/time><\/div><div class=\"w-post-elm post_content usg_post_content_1\">Desbloqueando el \u00c9xito La Importancia de Controlar tus KPIs en Peque\u00f1as Empresas En el din\u00e1mico panorama de las peque\u00f1as empresas,&hellip;<\/div><\/div>\t\t<\/div>\r\n\t<\/article>\r\n<\/div><div class=\"w-grid-preloader\"><div class=\"g-preloader type_1\">\r\n\t<div><\/div>\r\n<\/div>\r\n<\/div>\t<div class=\"w-grid-json hidden\" onclick='return {&quot;action&quot;:&quot;us_ajax_grid&quot;,&quot;ajax_url&quot;:&quot;https:\\\/\\\/www.mouette7.com\\\/wp-admin\\\/admin-ajax.php&quot;,&quot;infinite_scroll&quot;:0,&quot;max_num_pages&quot;:1,&quot;pagination&quot;:&quot;none&quot;,&quot;permalink_url&quot;:&quot;https:\\\/\\\/www.mouette7.com\\\/es\\\/wp-json\\\/wp\\\/v2\\\/pages\\\/498\\\/&quot;,&quot;template_vars&quot;:{&quot;columns&quot;:&quot;3&quot;,&quot;exclude_items&quot;:&quot;none&quot;,&quot;img_size&quot;:&quot;default&quot;,&quot;ignore_items_size&quot;:false,&quot;items_layout&quot;:&quot;blog_cards&quot;,&quot;items_offset&quot;:&quot;1&quot;,&quot;load_animation&quot;:&quot;none&quot;,&quot;overriding_link&quot;:&quot;none&quot;,&quot;post_id&quot;:498,&quot;query_args&quot;:{&quot;post_type&quot;:[&quot;post&quot;],&quot;post_status&quot;:[&quot;publish&quot;],&quot;posts_per_page&quot;:&quot;10&quot;},&quot;orderby_query_args&quot;:{&quot;orderby&quot;:{&quot;date&quot;:&quot;DESC&quot;}},&quot;type&quot;:&quot;grid&quot;,&quot;us_grid_ajax_index&quot;:1,&quot;us_grid_filter_params&quot;:null,&quot;us_grid_index&quot;:1,&quot;_us_grid_post_type&quot;:&quot;post&quot;,&quot;lang&quot;:&quot;es&quot;}}'><\/div>\r\n\t<\/div><\/div><\/div><\/div><\/div><\/div><\/section>\n","protected":false},"excerpt":{"rendered":"Desbloqueando el \u00c9xito La Importancia de Controlar tus KPIs en Peque\u00f1as Empresas En el din\u00e1mico panorama de las peque\u00f1as empresas, el \u00e9xito depende de varios factores, pero quiz\u00e1s ninguno sea tan cr\u00edtico como los Indicadores Clave de Rendimiento (KPIs, por sus siglas en ingl\u00e9s). Estas m\u00e9tricas sirven como faros de navegaci\u00f3n, guiando a los emprendedores...","protected":false},"author":1,"featured_media":0,"parent":0,"menu_order":0,"comment_status":"closed","ping_status":"closed","template":"","meta":{"footnotes":""},"class_list":["post-498","page","type-page","status-publish","hentry"],"yoast_head":"<!-- This site is optimized with the Yoast SEO Premium plugin v18.9 (Yoast SEO v20.13) - https:\/\/yoast.com\/wordpress\/plugins\/seo\/ -->\n<title>Blog - Mouette7<\/title>\n<meta name=\"robots\" content=\"index, follow, max-snippet:-1, max-image-preview:large, max-video-preview:-1\" \/>\n<link rel=\"canonical\" href=\"https:\/\/www.mouette7.com\/es\/blog\/\" \/>\n<meta property=\"og:locale\" content=\"es_ES\" \/>\n<meta property=\"og:type\" content=\"article\" \/>\n<meta property=\"og:title\" content=\"Blog\" \/>\n<meta property=\"og:url\" content=\"https:\/\/www.mouette7.com\/es\/blog\/\" \/>\n<meta property=\"og:site_name\" content=\"Mouette7\" \/>\n<meta property=\"article:publisher\" content=\"https:\/\/www.facebook.com\/people\/Mouette-7-Corp\/100037925713430\/\" \/>\n<meta property=\"article:modified_time\" content=\"2024-02-15T19:21:20+00:00\" \/>\n<meta name=\"twitter:card\" content=\"summary_large_image\" \/>\n<meta name=\"twitter:label1\" content=\"Tiempo de lectura\" \/>\n\t<meta name=\"twitter:data1\" content=\"1 minuto\" \/>\n<script type=\"application\/ld+json\" class=\"yoast-schema-graph\">{\"@context\":\"https:\/\/schema.org\",\"@graph\":[{\"@type\":\"WebPage\",\"@id\":\"https:\/\/www.mouette7.com\/es\/blog\/\",\"url\":\"https:\/\/www.mouette7.com\/es\/blog\/\",\"name\":\"Blog - Mouette7\",\"isPartOf\":{\"@id\":\"https:\/\/www.mouette7.com\/es\/#website\"},\"datePublished\":\"2024-02-15T19:10:13+00:00\",\"dateModified\":\"2024-02-15T19:21:20+00:00\",\"breadcrumb\":{\"@id\":\"https:\/\/www.mouette7.com\/es\/blog\/#breadcrumb\"},\"inLanguage\":\"es\",\"potentialAction\":[{\"@type\":\"ReadAction\",\"target\":[\"https:\/\/www.mouette7.com\/es\/blog\/\"]}]},{\"@type\":\"BreadcrumbList\",\"@id\":\"https:\/\/www.mouette7.com\/es\/blog\/#breadcrumb\",\"itemListElement\":[{\"@type\":\"ListItem\",\"position\":1,\"name\":\"Home\",\"item\":\"https:\/\/www.mouette7.com\/es\/\"},{\"@type\":\"ListItem\",\"position\":2,\"name\":\"Blog\"}]},{\"@type\":\"WebSite\",\"@id\":\"https:\/\/www.mouette7.com\/es\/#website\",\"url\":\"https:\/\/www.mouette7.com\/es\/\",\"name\":\"Mouette 7\",\"description\":\"KPIs analysis, Financial modeling and Ads management campaing\",\"publisher\":{\"@id\":\"https:\/\/www.mouette7.com\/es\/#organization\"},\"potentialAction\":[{\"@type\":\"SearchAction\",\"target\":{\"@type\":\"EntryPoint\",\"urlTemplate\":\"https:\/\/www.mouette7.com\/es\/?s={search_term_string}\"},\"query-input\":\"required name=search_term_string\"}],\"inLanguage\":\"es\"},{\"@type\":\"Organization\",\"@id\":\"https:\/\/www.mouette7.com\/es\/#organization\",\"name\":\"Mouette 7\",\"url\":\"https:\/\/www.mouette7.com\/es\/\",\"logo\":{\"@type\":\"ImageObject\",\"inLanguage\":\"es\",\"@id\":\"https:\/\/www.mouette7.com\/es\/#\/schema\/logo\/image\/\",\"url\":\"https:\/\/www.mouette7.com\/wp-content\/uploads\/2023\/04\/moute.png\",\"contentUrl\":\"https:\/\/www.mouette7.com\/wp-content\/uploads\/2023\/04\/moute.png\",\"width\":500,\"height\":500,\"caption\":\"Mouette 7\"},\"image\":{\"@id\":\"https:\/\/www.mouette7.com\/es\/#\/schema\/logo\/image\/\"},\"sameAs\":[\"https:\/\/www.facebook.com\/people\/Mouette-7-Corp\/100037925713430\/\",\"https:\/\/www.linkedin.com\/uas\/login?session_redirect=httpswww.linkedin.comcompany93083898admin\",\"https:\/\/www.instagram.com\/mouette.7\/\"]}]}<\/script>\n<!-- \/ Yoast SEO Premium plugin. -->","yoast_head_json":{"title":"Blog - Mouette7","robots":{"index":"index","follow":"follow","max-snippet":"max-snippet:-1","max-image-preview":"max-image-preview:large","max-video-preview":"max-video-preview:-1"},"canonical":"https:\/\/www.mouette7.com\/es\/blog\/","og_locale":"es_ES","og_type":"article","og_title":"Blog","og_url":"https:\/\/www.mouette7.com\/es\/blog\/","og_site_name":"Mouette7","article_publisher":"https:\/\/www.facebook.com\/people\/Mouette-7-Corp\/100037925713430\/","article_modified_time":"2024-02-15T19:21:20+00:00","twitter_card":"summary_large_image","twitter_misc":{"Tiempo de lectura":"1 minuto"},"schema":{"@context":"https:\/\/schema.org","@graph":[{"@type":"WebPage","@id":"https:\/\/www.mouette7.com\/es\/blog\/","url":"https:\/\/www.mouette7.com\/es\/blog\/","name":"Blog - Mouette7","isPartOf":{"@id":"https:\/\/www.mouette7.com\/es\/#website"},"datePublished":"2024-02-15T19:10:13+00:00","dateModified":"2024-02-15T19:21:20+00:00","breadcrumb":{"@id":"https:\/\/www.mouette7.com\/es\/blog\/#breadcrumb"},"inLanguage":"es","potentialAction":[{"@type":"ReadAction","target":["https:\/\/www.mouette7.com\/es\/blog\/"]}]},{"@type":"BreadcrumbList","@id":"https:\/\/www.mouette7.com\/es\/blog\/#breadcrumb","itemListElement":[{"@type":"ListItem","position":1,"name":"Home","item":"https:\/\/www.mouette7.com\/es\/"},{"@type":"ListItem","position":2,"name":"Blog"}]},{"@type":"WebSite","@id":"https:\/\/www.mouette7.com\/es\/#website","url":"https:\/\/www.mouette7.com\/es\/","name":"Mouette 7","description":"KPIs analysis, Financial modeling and Ads management campaing","publisher":{"@id":"https:\/\/www.mouette7.com\/es\/#organization"},"potentialAction":[{"@type":"SearchAction","target":{"@type":"EntryPoint","urlTemplate":"https:\/\/www.mouette7.com\/es\/?s={search_term_string}"},"query-input":"required name=search_term_string"}],"inLanguage":"es"},{"@type":"Organization","@id":"https:\/\/www.mouette7.com\/es\/#organization","name":"Mouette 7","url":"https:\/\/www.mouette7.com\/es\/","logo":{"@type":"ImageObject","inLanguage":"es","@id":"https:\/\/www.mouette7.com\/es\/#\/schema\/logo\/image\/","url":"https:\/\/www.mouette7.com\/wp-content\/uploads\/2023\/04\/moute.png","contentUrl":"https:\/\/www.mouette7.com\/wp-content\/uploads\/2023\/04\/moute.png","width":500,"height":500,"caption":"Mouette 7"},"image":{"@id":"https:\/\/www.mouette7.com\/es\/#\/schema\/logo\/image\/"},"sameAs":["https:\/\/www.facebook.com\/people\/Mouette-7-Corp\/100037925713430\/","https:\/\/www.linkedin.com\/uas\/login?session_redirect=httpswww.linkedin.comcompany93083898admin","https:\/\/www.instagram.com\/mouette.7\/"]}]}},"_links":{"self":[{"href":"https:\/\/www.mouette7.com\/es\/wp-json\/wp\/v2\/pages\/498","targetHints":{"allow":["GET"]}}],"collection":[{"href":"https:\/\/www.mouette7.com\/es\/wp-json\/wp\/v2\/pages"}],"about":[{"href":"https:\/\/www.mouette7.com\/es\/wp-json\/wp\/v2\/types\/page"}],"author":[{"embeddable":true,"href":"https:\/\/www.mouette7.com\/es\/wp-json\/wp\/v2\/users\/1"}],"replies":[{"embeddable":true,"href":"https:\/\/www.mouette7.com\/es\/wp-json\/wp\/v2\/comments?post=498"}],"version-history":[{"count":1,"href":"https:\/\/www.mouette7.com\/es\/wp-json\/wp\/v2\/pages\/498\/revisions"}],"predecessor-version":[{"id":504,"href":"https:\/\/www.mouette7.com\/es\/wp-json\/wp\/v2\/pages\/498\/revisions\/504"}],"wp:attachment":[{"href":"https:\/\/www.mouette7.com\/es\/wp-json\/wp\/v2\/media?parent=498"}],"curies":[{"name":"wp","href":"https:\/\/api.w.org\/{rel}","templated":true}]}}