{"id":429,"date":"2023-11-14T19:33:44","date_gmt":"2023-11-14T19:33:44","guid":{"rendered":"https:\/\/www.mouette7.com\/princing\/"},"modified":"2025-12-02T21:13:13","modified_gmt":"2025-12-02T21:13:13","slug":"princing","status":"publish","type":"page","link":"https:\/\/www.mouette7.com\/es\/princing\/","title":{"rendered":"Princing"},"content":{"rendered":"<section class=\"l-section wpb_row height_medium\" id=\"cajas-001\"><div class=\"l-section-h i-cf\"><div class=\"g-cols vc_row type_default valign_top\"><div class=\"vc_col-sm-4 wpb_column vc_column_container\"><div class=\"vc_column-inner\"><div class=\"wpb_wrapper\"><div class=\"g-cols wpb_row  type_default valign_top vc_inner\" id=\"box-02\"><div class=\"vc_col-sm-12 wpb_column vc_column_container\"><div class=\"vc_column-inner\"><div class=\"wpb_wrapper\"><div class=\"wpb_text_column\" ><div class=\"wpb_wrapper\"><h1 style=\"color: #01468f; padding-top: 0px !important; text-align: center;\"><strong>Manejo de Google Ads<\/strong><\/h1>\n<\/div><\/div><div class=\"ult-spacer spacer-69e2534c60807\" data-id=\"69e2534c60807\" data-height=\"20\" data-height-mobile=\"20\" data-height-tab=\"20\" data-height-tab-portrait=\"\" data-height-mobile-landscape=\"\" style=\"clear:both;display:block;\"><\/div><div class=\"wpb_text_column\" ><div class=\"wpb_wrapper\"><p style=\"text-align: center;\"><span class=\"C9DxTc \">Ofrecemos una amplia gama de servicios, que incluyen investigaci\u00f3n de palabras clave, redacci\u00f3n de anuncios, optimizaci\u00f3n de p\u00e1ginas de destino, gesti\u00f3n de ofertas y seguimiento del rendimiento. Utilizamos herramientas y t\u00e9cnicas avanzadas para dirigirnos a la audiencia adecuada y maximizar su retorno de la inversi\u00f3n.<\/span><\/p>\n<\/div><\/div><div class=\"w-btn-wrapper width_auto align_center\"><a class=\"w-btn us-btn-style_1\" href=\"tel:+14073080367\"><span class=\"w-btn-label\">Contactanos<\/span><\/a><\/div><\/div><\/div><\/div><\/div><\/div><\/div><\/div><div class=\"vc_col-sm-4 wpb_column vc_column_container\"><div class=\"vc_column-inner\"><div class=\"wpb_wrapper\"><div class=\"g-cols wpb_row  type_default valign_top vc_inner\" id=\"box-02\"><div class=\"vc_col-sm-12 wpb_column vc_column_container\"><div class=\"vc_column-inner\"><div class=\"wpb_wrapper\"><div class=\"wpb_text_column\" ><div class=\"wpb_wrapper\"><h1 style=\"color: #01468f; padding-top: 0px !important; text-align: center;\"><strong>Manejo de Google y Meta Ads<\/strong><\/h1>\n<\/div><\/div><div class=\"ult-spacer spacer-69e2534c62b3d\" data-id=\"69e2534c62b3d\" data-height=\"20\" data-height-mobile=\"20\" data-height-tab=\"20\" data-height-tab-portrait=\"\" data-height-mobile-landscape=\"\" style=\"clear:both;display:block;\"><\/div><div class=\"wpb_text_column\" ><div class=\"wpb_wrapper\"><p style=\"text-align: center;\"><span class=\"C9DxTc \">Genere tr\u00e1fico dirigido, maximice el retorno de la inversi\u00f3n (ROI) y mejore su presencia en l\u00ednea con nuestros servicios de Google y Meta Ads de primer nivel. Nuestro equipo de profesionales experimentados se especializa en la elaboraci\u00f3n de campa\u00f1as publicitarias estrat\u00e9gicas que resuenen con su audiencia y brinden resultados tangibles.<\/span><\/p>\n<\/div><\/div><div class=\"w-btn-wrapper width_auto align_center\"><a class=\"w-btn us-btn-style_1\" href=\"tel:+14073080367\"><span class=\"w-btn-label\">Contactanos<\/span><\/a><\/div><\/div><\/div><\/div><\/div><\/div><\/div><\/div><div class=\"vc_col-sm-4 wpb_column vc_column_container\"><div class=\"vc_column-inner\"><div class=\"wpb_wrapper\"><div class=\"g-cols wpb_row  type_default valign_top vc_inner\" id=\"box-02\"><div class=\"vc_col-sm-12 wpb_column vc_column_container\"><div class=\"vc_column-inner\"><div class=\"wpb_wrapper\"><div class=\"wpb_text_column\" ><div class=\"wpb_wrapper\"><h1 style=\"color: #01468f; padding-top: 0px !important; text-align: center;\"><strong>Servicio completo<\/strong><\/h1>\n<\/div><\/div><div class=\"ult-spacer spacer-69e2534c63880\" data-id=\"69e2534c63880\" data-height=\"20\" data-height-mobile=\"20\" data-height-tab=\"20\" data-height-tab-portrait=\"\" data-height-mobile-landscape=\"\" style=\"clear:both;display:block;\"><\/div><div class=\"aio-icon-component    style_1\"><div id=\"Info-box-wrap-1488\" class=\"aio-icon-box left-icon\" style=\"\"  ><div class=\"aio-icon-left\"><div class=\"ult-just-icon-wrapper  \"><div class=\"align-icon\" style=\"text-align:center;\">\n<div class=\"aio-icon none \"  style=\"color:#0048ae;font-size:32px;display:inline-block;\">\n\t<i class=\"Defaults-check-circle\"><\/i>\n<\/div><\/div><\/div><\/div><div class=\"aio-ibd-block\"><div class=\"aio-icon-header\" ><h3 class=\"aio-icon-title ult-responsive\"  data-ultimate-target='#Info-box-wrap-1488 .aio-icon-title'  data-responsive-json-new='{\"font-size\":\"\",\"line-height\":\"\"}'  style=\"font-weight:bold;\">GOOGLE ADS<\/h3><\/div> <!-- header --><div class=\"aio-icon-description ult-responsive\"  data-ultimate-target='#Info-box-wrap-1488 .aio-icon-description'  data-responsive-json-new='{\"font-size\":\"\",\"line-height\":\"\"}'  style=\"\">Nos especializamos en servicios de administraci\u00f3n de Google Ads que disparar\u00e1n su presencia en l\u00ednea e impulsar\u00e1n el crecimiento de su negocio.<\/div> <!-- description --><\/div> <!-- aio-ibd-block --><\/div> <!-- aio-icon-box --><\/div> <!-- aio-icon-component --><div class=\"aio-icon-component    style_1\"><div id=\"Info-box-wrap-2824\" class=\"aio-icon-box left-icon\" style=\"\"  ><div class=\"aio-icon-left\"><div class=\"ult-just-icon-wrapper  \"><div class=\"align-icon\" style=\"text-align:center;\">\n<div class=\"aio-icon none \"  style=\"color:#0048ae;font-size:32px;display:inline-block;\">\n\t<i class=\"Defaults-check-circle\"><\/i>\n<\/div><\/div><\/div><\/div><div class=\"aio-ibd-block\"><div class=\"aio-icon-header\" ><h3 class=\"aio-icon-title ult-responsive\"  data-ultimate-target='#Info-box-wrap-2824 .aio-icon-title'  data-responsive-json-new='{\"font-size\":\"\",\"line-height\":\"\"}'  style=\"font-weight:bold;\">MICROSOFT ADS<\/h3><\/div> <!-- header --><div class=\"aio-icon-description ult-responsive\"  data-ultimate-target='#Info-box-wrap-2824 .aio-icon-description'  data-responsive-json-new='{\"font-size\":\"\",\"line-height\":\"\"}'  style=\"\">Nuestro equipo de expertos certificados en Microsoft Ads est\u00e1 dedicado a maximizar el ROI de su publicidad y llevar su negocio a nuevas alturas.<\/div> <!-- description --><\/div> <!-- aio-ibd-block --><\/div> <!-- aio-icon-box --><\/div> <!-- aio-icon-component --><div class=\"aio-icon-component    style_1\"><div id=\"Info-box-wrap-6095\" class=\"aio-icon-box left-icon\" style=\"\"  ><div class=\"aio-icon-left\"><div class=\"ult-just-icon-wrapper  \"><div class=\"align-icon\" style=\"text-align:center;\">\n<div class=\"aio-icon none \"  style=\"color:#0048ae;font-size:32px;display:inline-block;\">\n\t<i class=\"Defaults-check-circle\"><\/i>\n<\/div><\/div><\/div><\/div><div class=\"aio-ibd-block\"><div class=\"aio-icon-header\" ><h3 class=\"aio-icon-title ult-responsive\"  data-ultimate-target='#Info-box-wrap-6095 .aio-icon-title'  data-responsive-json-new='{\"font-size\":\"\",\"line-height\":\"\"}'  style=\"font-weight:bold;\">REDES SOCIALES ADS<\/h3><\/div> <!-- header --><div class=\"aio-icon-description ult-responsive\"  data-ultimate-target='#Info-box-wrap-6095 .aio-icon-description'  data-responsive-json-new='{\"font-size\":\"\",\"line-height\":\"\"}'  style=\"\">Nuestro servicio de anuncios en redes sociales es la soluci\u00f3n perfecta para aquellos que buscan aumentar su presencia en las redes sociales y llegar a un p\u00fablico m\u00e1s amplio. Con un enfoque en la segmentaci\u00f3n de la audiencia y la optimizaci\u00f3n de anuncios.<\/div> <!-- description --><\/div> <!-- aio-ibd-block --><\/div> <!-- aio-icon-box --><\/div> <!-- aio-icon-component --><div class=\"w-btn-wrapper width_auto align_center\"><a class=\"w-btn us-btn-style_1\" href=\"tel:+14073080367\"><span class=\"w-btn-label\">Contactanos<\/span><\/a><\/div><\/div><\/div><\/div><\/div><\/div><\/div><\/div><\/div><\/div><\/section>\n","protected":false},"excerpt":{"rendered":"Manejo de Google Ads Ofrecemos una amplia gama de servicios, que incluyen investigaci\u00f3n de palabras clave, redacci\u00f3n de anuncios, optimizaci\u00f3n de p\u00e1ginas de destino, gesti\u00f3n de ofertas y seguimiento del rendimiento. Utilizamos herramientas y t\u00e9cnicas avanzadas para dirigirnos a la audiencia adecuada y maximizar su retorno de la inversi\u00f3n. ContactanosManejo de Google y Meta Ads...","protected":false},"author":1,"featured_media":0,"parent":0,"menu_order":0,"comment_status":"closed","ping_status":"closed","template":"","meta":{"footnotes":""},"class_list":["post-429","page","type-page","status-publish","hentry"],"yoast_head":"<!-- This site is optimized with the Yoast SEO Premium plugin v18.9 (Yoast SEO v20.13) - https:\/\/yoast.com\/wordpress\/plugins\/seo\/ -->\n<title>Princing - Mouette7<\/title>\n<meta name=\"robots\" content=\"index, follow, max-snippet:-1, max-image-preview:large, max-video-preview:-1\" \/>\n<link rel=\"canonical\" href=\"https:\/\/www.mouette7.com\/es\/princing\/\" \/>\n<meta property=\"og:locale\" content=\"es_ES\" \/>\n<meta property=\"og:type\" content=\"article\" \/>\n<meta property=\"og:title\" content=\"Princing\" \/>\n<meta property=\"og:url\" content=\"https:\/\/www.mouette7.com\/es\/princing\/\" \/>\n<meta property=\"og:site_name\" content=\"Mouette7\" \/>\n<meta property=\"article:publisher\" content=\"https:\/\/www.facebook.com\/people\/Mouette-7-Corp\/100037925713430\/\" \/>\n<meta property=\"article:modified_time\" content=\"2025-12-02T21:13:13+00:00\" \/>\n<meta name=\"twitter:card\" content=\"summary_large_image\" \/>\n<meta name=\"twitter:label1\" content=\"Tiempo de lectura\" \/>\n\t<meta name=\"twitter:data1\" content=\"3 minutos\" \/>\n<script type=\"application\/ld+json\" class=\"yoast-schema-graph\">{\"@context\":\"https:\/\/schema.org\",\"@graph\":[{\"@type\":\"WebPage\",\"@id\":\"https:\/\/www.mouette7.com\/es\/princing\/\",\"url\":\"https:\/\/www.mouette7.com\/es\/princing\/\",\"name\":\"Princing - Mouette7\",\"isPartOf\":{\"@id\":\"https:\/\/www.mouette7.com\/es\/#website\"},\"datePublished\":\"2023-11-14T19:33:44+00:00\",\"dateModified\":\"2025-12-02T21:13:13+00:00\",\"breadcrumb\":{\"@id\":\"https:\/\/www.mouette7.com\/es\/princing\/#breadcrumb\"},\"inLanguage\":\"es\",\"potentialAction\":[{\"@type\":\"ReadAction\",\"target\":[\"https:\/\/www.mouette7.com\/es\/princing\/\"]}]},{\"@type\":\"BreadcrumbList\",\"@id\":\"https:\/\/www.mouette7.com\/es\/princing\/#breadcrumb\",\"itemListElement\":[{\"@type\":\"ListItem\",\"position\":1,\"name\":\"Home\",\"item\":\"https:\/\/www.mouette7.com\/es\/\"},{\"@type\":\"ListItem\",\"position\":2,\"name\":\"Princing\"}]},{\"@type\":\"WebSite\",\"@id\":\"https:\/\/www.mouette7.com\/es\/#website\",\"url\":\"https:\/\/www.mouette7.com\/es\/\",\"name\":\"Mouette 7\",\"description\":\"KPIs analysis, Financial modeling and Ads management campaing\",\"publisher\":{\"@id\":\"https:\/\/www.mouette7.com\/es\/#organization\"},\"potentialAction\":[{\"@type\":\"SearchAction\",\"target\":{\"@type\":\"EntryPoint\",\"urlTemplate\":\"https:\/\/www.mouette7.com\/es\/?s={search_term_string}\"},\"query-input\":\"required name=search_term_string\"}],\"inLanguage\":\"es\"},{\"@type\":\"Organization\",\"@id\":\"https:\/\/www.mouette7.com\/es\/#organization\",\"name\":\"Mouette 7\",\"url\":\"https:\/\/www.mouette7.com\/es\/\",\"logo\":{\"@type\":\"ImageObject\",\"inLanguage\":\"es\",\"@id\":\"https:\/\/www.mouette7.com\/es\/#\/schema\/logo\/image\/\",\"url\":\"https:\/\/www.mouette7.com\/wp-content\/uploads\/2023\/04\/moute.png\",\"contentUrl\":\"https:\/\/www.mouette7.com\/wp-content\/uploads\/2023\/04\/moute.png\",\"width\":500,\"height\":500,\"caption\":\"Mouette 7\"},\"image\":{\"@id\":\"https:\/\/www.mouette7.com\/es\/#\/schema\/logo\/image\/\"},\"sameAs\":[\"https:\/\/www.facebook.com\/people\/Mouette-7-Corp\/100037925713430\/\",\"https:\/\/www.linkedin.com\/uas\/login?session_redirect=httpswww.linkedin.comcompany93083898admin\",\"https:\/\/www.instagram.com\/mouette.7\/\"]}]}<\/script>\n<!-- \/ Yoast SEO Premium plugin. -->","yoast_head_json":{"title":"Princing - Mouette7","robots":{"index":"index","follow":"follow","max-snippet":"max-snippet:-1","max-image-preview":"max-image-preview:large","max-video-preview":"max-video-preview:-1"},"canonical":"https:\/\/www.mouette7.com\/es\/princing\/","og_locale":"es_ES","og_type":"article","og_title":"Princing","og_url":"https:\/\/www.mouette7.com\/es\/princing\/","og_site_name":"Mouette7","article_publisher":"https:\/\/www.facebook.com\/people\/Mouette-7-Corp\/100037925713430\/","article_modified_time":"2025-12-02T21:13:13+00:00","twitter_card":"summary_large_image","twitter_misc":{"Tiempo de lectura":"3 minutos"},"schema":{"@context":"https:\/\/schema.org","@graph":[{"@type":"WebPage","@id":"https:\/\/www.mouette7.com\/es\/princing\/","url":"https:\/\/www.mouette7.com\/es\/princing\/","name":"Princing - Mouette7","isPartOf":{"@id":"https:\/\/www.mouette7.com\/es\/#website"},"datePublished":"2023-11-14T19:33:44+00:00","dateModified":"2025-12-02T21:13:13+00:00","breadcrumb":{"@id":"https:\/\/www.mouette7.com\/es\/princing\/#breadcrumb"},"inLanguage":"es","potentialAction":[{"@type":"ReadAction","target":["https:\/\/www.mouette7.com\/es\/princing\/"]}]},{"@type":"BreadcrumbList","@id":"https:\/\/www.mouette7.com\/es\/princing\/#breadcrumb","itemListElement":[{"@type":"ListItem","position":1,"name":"Home","item":"https:\/\/www.mouette7.com\/es\/"},{"@type":"ListItem","position":2,"name":"Princing"}]},{"@type":"WebSite","@id":"https:\/\/www.mouette7.com\/es\/#website","url":"https:\/\/www.mouette7.com\/es\/","name":"Mouette 7","description":"KPIs analysis, Financial modeling and Ads management campaing","publisher":{"@id":"https:\/\/www.mouette7.com\/es\/#organization"},"potentialAction":[{"@type":"SearchAction","target":{"@type":"EntryPoint","urlTemplate":"https:\/\/www.mouette7.com\/es\/?s={search_term_string}"},"query-input":"required name=search_term_string"}],"inLanguage":"es"},{"@type":"Organization","@id":"https:\/\/www.mouette7.com\/es\/#organization","name":"Mouette 7","url":"https:\/\/www.mouette7.com\/es\/","logo":{"@type":"ImageObject","inLanguage":"es","@id":"https:\/\/www.mouette7.com\/es\/#\/schema\/logo\/image\/","url":"https:\/\/www.mouette7.com\/wp-content\/uploads\/2023\/04\/moute.png","contentUrl":"https:\/\/www.mouette7.com\/wp-content\/uploads\/2023\/04\/moute.png","width":500,"height":500,"caption":"Mouette 7"},"image":{"@id":"https:\/\/www.mouette7.com\/es\/#\/schema\/logo\/image\/"},"sameAs":["https:\/\/www.facebook.com\/people\/Mouette-7-Corp\/100037925713430\/","https:\/\/www.linkedin.com\/uas\/login?session_redirect=httpswww.linkedin.comcompany93083898admin","https:\/\/www.instagram.com\/mouette.7\/"]}]}},"_links":{"self":[{"href":"https:\/\/www.mouette7.com\/es\/wp-json\/wp\/v2\/pages\/429","targetHints":{"allow":["GET"]}}],"collection":[{"href":"https:\/\/www.mouette7.com\/es\/wp-json\/wp\/v2\/pages"}],"about":[{"href":"https:\/\/www.mouette7.com\/es\/wp-json\/wp\/v2\/types\/page"}],"author":[{"embeddable":true,"href":"https:\/\/www.mouette7.com\/es\/wp-json\/wp\/v2\/users\/1"}],"replies":[{"embeddable":true,"href":"https:\/\/www.mouette7.com\/es\/wp-json\/wp\/v2\/comments?post=429"}],"version-history":[{"count":6,"href":"https:\/\/www.mouette7.com\/es\/wp-json\/wp\/v2\/pages\/429\/revisions"}],"predecessor-version":[{"id":711,"href":"https:\/\/www.mouette7.com\/es\/wp-json\/wp\/v2\/pages\/429\/revisions\/711"}],"wp:attachment":[{"href":"https:\/\/www.mouette7.com\/es\/wp-json\/wp\/v2\/media?parent=429"}],"curies":[{"name":"wp","href":"https:\/\/api.w.org\/{rel}","templated":true}]}}